{"id":763,"date":"2021-02-24T14:30:47","date_gmt":"2021-02-24T14:30:47","guid":{"rendered":"https:\/\/maneassnacks.brainsite.ch\/?page_id=763"},"modified":"2026-03-27T17:45:16","modified_gmt":"2026-03-27T17:45:16","slug":"commander","status":"publish","type":"page","link":"https:\/\/maneas-snacks.ch\/fr\/commander\/","title":{"rendered":"Commander"},"content":{"rendered":"\n\n\t<h1>\n\t\t\t\tCommander\n\t\t\t<\/h1>\n\t<h2>\n\t\t\t\tBon de commande\n\t\t\t<\/h2>\n\t\t<p>T\u00e9l\u00e9chargez le formulaire de commande, remplissez les champs appropri\u00e9s et envoyez votre commande \u00e0: <a href=\"mailto:info@maneas-snacks.ch\">info@maneas-snacks.ch<\/a>.<\/p>\t\n\t\t\t<a href=\"https:\/\/maneas-snacks.ch\/wp-content\/uploads\/2026\/03\/BESTELLFORMULAR-2026_-ManeAs-Snacks-GmbH_Excel-Vorlage_F.xls\" target=\"_blank\" role=\"button\" rel=\"noopener\">\n\t\t\t\t\t\t\tT\u00e9l\u00e9charger le bon de commande\n\t\t\t\t\t<\/a>\n\t<h2>\n\t\t\t\t<a href=\"https:\/\/maneas-snacks.ch\/wp-content\/uploads\/2026\/03\/BESTELLFORMULAR-2026_-ManeAs-Snacks-GmbH_Excel-Vorlage_F.xls\" title=\"Contact\" target=\"_self\">\n\t\t\t\tContact\n\t\t\t\t<\/a>\n\t\t\t<\/h2>\n\t\t<p>Bien entendu, vous pouvez \u00e9galement commander directement aupr\u00e8s de nous, sans formulaire de commande:\u00a0<\/p>\t\n\n","protected":false},"excerpt":{"rendered":"<p>Commander Bon de commande T\u00e9l\u00e9chargez le formulaire de commande, remplissez les champs appropri\u00e9s et envoyez votre commande \u00e0: info@maneas-snacks.ch. T\u00e9l\u00e9charger le bon de commande Contact Bien entendu, vous pouvez \u00e9galement commander directement aupr\u00e8s de nous, sans formulaire de commande:\u00a0<\/p>\n","protected":false},"author":1,"featured_media":0,"parent":0,"menu_order":0,"comment_status":"closed","ping_status":"closed","template":"","meta":{"site-sidebar-layout":"no-sidebar","site-content-layout":"page-builder","ast-main-header-display":"","ast-hfb-above-header-display":"","ast-hfb-mobile-header-display":"","site-post-title":"disabled","ast-breadcrumbs-content":"","ast-featured-img":"disabled","footer-sml-layout":"","theme-transparent-header-meta":"default","adv-header-id-meta":"","stick-header-meta":"default","header-above-stick-meta":"","header-main-stick-meta":"","header-below-stick-meta":"","footnotes":""},"class_list":["post-763","page","type-page","status-publish","hentry"],"_links":{"self":[{"href":"https:\/\/maneas-snacks.ch\/fr\/wp-json\/wp\/v2\/pages\/763","targetHints":{"allow":["GET"]}}],"collection":[{"href":"https:\/\/maneas-snacks.ch\/fr\/wp-json\/wp\/v2\/pages"}],"about":[{"href":"https:\/\/maneas-snacks.ch\/fr\/wp-json\/wp\/v2\/types\/page"}],"author":[{"embeddable":true,"href":"https:\/\/maneas-snacks.ch\/fr\/wp-json\/wp\/v2\/users\/1"}],"replies":[{"embeddable":true,"href":"https:\/\/maneas-snacks.ch\/fr\/wp-json\/wp\/v2\/comments?post=763"}],"version-history":[{"count":28,"href":"https:\/\/maneas-snacks.ch\/fr\/wp-json\/wp\/v2\/pages\/763\/revisions"}],"predecessor-version":[{"id":9543,"href":"https:\/\/maneas-snacks.ch\/fr\/wp-json\/wp\/v2\/pages\/763\/revisions\/9543"}],"wp:attachment":[{"href":"https:\/\/maneas-snacks.ch\/fr\/wp-json\/wp\/v2\/media?parent=763"}],"curies":[{"name":"wp","href":"https:\/\/api.w.org\/{rel}","templated":true}]}}