{"id":759,"date":"2021-02-24T14:28:45","date_gmt":"2021-02-24T14:28:45","guid":{"rendered":"https:\/\/maneassnacks.brainsite.ch\/?page_id=759"},"modified":"2024-11-06T11:52:16","modified_gmt":"2024-11-06T11:52:16","slug":"galerie","status":"publish","type":"page","link":"https:\/\/maneas-snacks.ch\/fr\/galerie\/","title":{"rendered":"Galerie"},"content":{"rendered":"\n\n\t<h1>\n\t\t\t\tGalerie\n\t\t\t<\/h1>\n\t<h2>\n\t\t\t\tPerspectives\n\t\t\t<\/h2>\n\t<h3>\n\t\t\t\tZAGG 2024\n\t\t\t<\/h3>\n\t<h3>\n\t\t\t\tRencontre Salysol &#8211; ManeAs Snacks 2023 \u00e0 C\u00e1diz (Espagne)\n\t\t\t<\/h3>\n\t<h3>\n\t\t\t\tZAGG 2022\n\t\t\t<\/h3>\n\t<h3>\n\t\t\t\tIGEHO 2017\n\t\t\t<\/h3>\n\t<h3>\n\t\t\t\tRencontre Salysol &#8211; ManeAs Snacks 2016 \u00e0 S\u00e9ville (Espagne)\n\t\t\t<\/h3>\n\n","protected":false},"excerpt":{"rendered":"<p>Galerie Perspectives ZAGG 2024 Rencontre Salysol &#8211; ManeAs Snacks 2023 \u00e0 C\u00e1diz (Espagne) ZAGG 2022 IGEHO 2017 Rencontre Salysol &#8211; ManeAs Snacks 2016 \u00e0 S\u00e9ville (Espagne)<\/p>\n","protected":false},"author":1,"featured_media":0,"parent":0,"menu_order":0,"comment_status":"closed","ping_status":"closed","template":"","meta":{"site-sidebar-layout":"no-sidebar","site-content-layout":"page-builder","ast-main-header-display":"","ast-hfb-above-header-display":"","ast-hfb-mobile-header-display":"","site-post-title":"disabled","ast-breadcrumbs-content":"","ast-featured-img":"disabled","footer-sml-layout":"","theme-transparent-header-meta":"default","adv-header-id-meta":"","stick-header-meta":"default","header-above-stick-meta":"","header-main-stick-meta":"","header-below-stick-meta":"","footnotes":""},"class_list":["post-759","page","type-page","status-publish","hentry"],"_links":{"self":[{"href":"https:\/\/maneas-snacks.ch\/fr\/wp-json\/wp\/v2\/pages\/759","targetHints":{"allow":["GET"]}}],"collection":[{"href":"https:\/\/maneas-snacks.ch\/fr\/wp-json\/wp\/v2\/pages"}],"about":[{"href":"https:\/\/maneas-snacks.ch\/fr\/wp-json\/wp\/v2\/types\/page"}],"author":[{"embeddable":true,"href":"https:\/\/maneas-snacks.ch\/fr\/wp-json\/wp\/v2\/users\/1"}],"replies":[{"embeddable":true,"href":"https:\/\/maneas-snacks.ch\/fr\/wp-json\/wp\/v2\/comments?post=759"}],"version-history":[{"count":24,"href":"https:\/\/maneas-snacks.ch\/fr\/wp-json\/wp\/v2\/pages\/759\/revisions"}],"predecessor-version":[{"id":8035,"href":"https:\/\/maneas-snacks.ch\/fr\/wp-json\/wp\/v2\/pages\/759\/revisions\/8035"}],"wp:attachment":[{"href":"https:\/\/maneas-snacks.ch\/fr\/wp-json\/wp\/v2\/media?parent=759"}],"curies":[{"name":"wp","href":"https:\/\/api.w.org\/{rel}","templated":true}]}}