{"id":753,"date":"2021-02-24T14:23:02","date_gmt":"2021-02-24T14:23:02","guid":{"rendered":"https:\/\/maneassnacks.brainsite.ch\/?page_id=753"},"modified":"2023-02-04T17:52:01","modified_gmt":"2023-02-04T17:52:01","slug":"references","status":"publish","type":"page","link":"https:\/\/maneas-snacks.ch\/fr\/references\/","title":{"rendered":"R\u00e9f\u00e9rences"},"content":{"rendered":"\n\n\t<h1>\n\t\t\t\tR\u00e9f\u00e9rences\n\t\t\t<\/h1>\n\t<h2>\n\t\t\t\tNos clients et partenaires\n\t\t\t<\/h2>\n\t\t<p>Nous tenons \u00e0 remercier nos pr\u00e9cieux clients pour la confiance qu&rsquo;ils nous ont accord\u00e9e et pour l&rsquo;excellente coop\u00e9ration.<\/p>\t\n\t\t\t\t<a href=\"https:\/\/central.ch\/\" target=\"_self\" itemprop=\"url\" rel=\"noopener\">\n\t\t\t\t<img decoding=\"async\" src=\"https:\/\/maneas-snacks.ch\/wp-content\/uploads\/2021\/02\/maneas-referenz-central_plaza-1.jpg\" alt=\"maneas-referenz-central_plaza\" title=\"maneas-referenz-central_plaza\" itemprop=\"image\"  \/>\n\t\t\t\t\t\t<\/a>\n\t\t\t\t<a href=\"https:\/\/www.waldstaetterhof.ch\/\" target=\"_self\" itemprop=\"url\" rel=\"noopener\">\n\t\t\t\t<img decoding=\"async\" src=\"https:\/\/maneas-snacks.ch\/wp-content\/uploads\/2021\/02\/maneas-referenz-seehotel-brunnen-1.png\" alt=\"maneas-referenz-seehotel-brunnen\" title=\"maneas-referenz-seehotel-brunnen\" itemprop=\"image\"  \/>\n\t\t\t\t\t\t<\/a>\n\t\t\t\t<a href=\"https:\/\/engimatt.ch\/de\/\" target=\"_self\" itemprop=\"url\" rel=\"noopener\">\n\t\t\t\t<img decoding=\"async\" src=\"https:\/\/maneas-snacks.ch\/wp-content\/uploads\/2021\/07\/Hotel-Engimatt-AG.png\" alt=\"Hotel Engimatt AG\" title=\"Hotel Engimatt AG\" itemprop=\"image\"  \/>\n\t\t\t\t\t\t<\/a>\n\t\t\t\t<a href=\"https:\/\/nationalzermatt.ch\/\" target=\"_self\" itemprop=\"url\" rel=\"noopener\">\n\t\t\t\t<img decoding=\"async\" src=\"https:\/\/maneas-snacks.ch\/wp-content\/uploads\/2021\/07\/Hotel-National-Zermatt.png\" alt=\"Hotel National Zermatt\" title=\"Hotel National Zermatt\" itemprop=\"image\"  \/>\n\t\t\t\t\t\t<\/a>\n\t\t\t\t<a href=\"https:\/\/hotel-adriatica.com\/de\/\" target=\"_self\" itemprop=\"url\" rel=\"noopener\">\n\t\t\t\t<img decoding=\"async\" src=\"https:\/\/maneas-snacks.ch\/wp-content\/uploads\/2021\/07\/Hotel-Adriatica-1.png\" alt=\"Hotel Adriatica\" title=\"Hotel Adriatica\" itemprop=\"image\"  \/>\n\t\t\t\t\t\t<\/a>\n\t\t\t\t<a href=\"https:\/\/sedartis.ch\/\" target=\"_self\" itemprop=\"url\" rel=\"noopener\">\n\t\t\t\t<img decoding=\"async\" src=\"https:\/\/maneas-snacks.ch\/wp-content\/uploads\/2021\/07\/Hotel-Sedartis.jpg\" alt=\"Hotel Sedartis\" title=\"Hotel Sedartis\" itemprop=\"image\"  \/>\n\t\t\t\t\t\t<\/a>\n\t\t\t\t<a href=\"https:\/\/www.eurotel-montreux.ch\/de\/\" target=\"_self\" itemprop=\"url\" rel=\"noopener\">\n\t\t\t\t<img decoding=\"async\" src=\"https:\/\/maneas-snacks.ch\/wp-content\/uploads\/2021\/07\/Eurotel-Montreux.png\" alt=\"Eurotel Montreux\" title=\"Eurotel Montreux\" itemprop=\"image\"  \/>\n\t\t\t\t\t\t<\/a>\n\t\t\t\t<a href=\"https:\/\/www.balances.ch\/\" target=\"_self\" itemprop=\"url\" rel=\"noopener\">\n\t\t\t\t<img decoding=\"async\" src=\"https:\/\/maneas-snacks.ch\/wp-content\/uploads\/2021\/07\/Hotel-des-Balance.jpg\" alt=\"Hotel des Balance\" title=\"Hotel des Balance\" itemprop=\"image\"  \/>\n\t\t\t\t\t\t<\/a>\n\t\t\t\t<a href=\"https:\/\/hotel-belvoir.ch\/\" target=\"_self\" itemprop=\"url\" rel=\"noopener\">\n\t\t\t\t<img decoding=\"async\" src=\"https:\/\/maneas-snacks.ch\/wp-content\/uploads\/2023\/01\/belvoir.png\" alt=\"belvoir\" title=\"belvoir\" itemprop=\"image\"  \/>\n\t\t\t\t\t\t<\/a>\n\t\t\t\t<a href=\"https:\/\/byfassbind.com\/\" target=\"_self\" itemprop=\"url\" rel=\"noopener\">\n\t\t\t\t<img decoding=\"async\" src=\"https:\/\/maneas-snacks.ch\/wp-content\/uploads\/2023\/01\/ms-byfassbind-3.png\" alt=\"ms-byfassbind\" title=\"ms-byfassbind\" itemprop=\"image\"  \/>\n\t\t\t\t\t\t<\/a>\n\t\t\t\t<a href=\"https:\/\/altstadthotels.ch\/\" target=\"_self\" itemprop=\"url\" rel=\"noopener\">\n\t\t\t\t<img decoding=\"async\" src=\"https:\/\/maneas-snacks.ch\/wp-content\/uploads\/2023\/01\/ms-altstadthotels.jpg\" alt=\"ms-altstadthotels\" title=\"ms-altstadthotels\" itemprop=\"image\"  \/>\n\t\t\t\t\t\t<\/a>\n\t\t\t\t<a href=\"https:\/\/www.frischeparadies.ch\/de\/fp\/hobbykoeche-und-gourmets\/ueber-uns\" target=\"_self\" itemprop=\"url\" rel=\"noopener\">\n\t\t\t\t<img decoding=\"async\" src=\"https:\/\/maneas-snacks.ch\/wp-content\/uploads\/2023\/01\/ms-frischeparadies.jpg\" alt=\"ms-frischeparadies\" title=\"ms-frischeparadies\" itemprop=\"image\"  \/>\n\t\t\t\t\t\t<\/a>\n\t\t\t\t<a href=\"https:\/\/suite-rooftop.ch\/\" target=\"_self\" itemprop=\"url\" rel=\"noopener\">\n\t\t\t\t<img decoding=\"async\" src=\"https:\/\/maneas-snacks.ch\/wp-content\/uploads\/2021\/02\/maneas-referenz-Suite.jpg\" alt=\"maneas-referenz-Suite\" title=\"maneas-referenz-Suite\" itemprop=\"image\"  \/>\n\t\t\t\t\t\t<\/a>\n\t\t\t\t<a href=\"http:\/\/www.karelkorner.ch\/\" target=\"_self\" itemprop=\"url\" rel=\"noopener\">\n\t\t\t\t<img decoding=\"async\" src=\"https:\/\/maneas-snacks.ch\/wp-content\/uploads\/2021\/02\/maneas-referenz-karelkorner-1.png\" alt=\"maneas-referenz-karelkorner\" title=\"maneas-referenz-karelkorner\" itemprop=\"image\"  \/>\n\t\t\t\t\t\t<\/a>\n\t\t\t\t<a href=\"https:\/\/www.glockenhof.ch\/\" target=\"_self\" itemprop=\"url\" rel=\"noopener\">\n\t\t\t\t<img decoding=\"async\" src=\"https:\/\/maneas-snacks.ch\/wp-content\/uploads\/2023\/02\/Logo-Hotel-Glockenhof-ZH-1.png\" alt=\"Logo Hotel Glockenhof ZH\" title=\"Logo Hotel Glockenhof ZH\" itemprop=\"image\"  \/>\n\t\t\t\t\t\t<\/a>\n\t\t\t\t<a href=\"https:\/\/www.longhin.ch\/\" target=\"_self\" itemprop=\"url\" rel=\"noopener\">\n\t\t\t\t<img decoding=\"async\" src=\"https:\/\/maneas-snacks.ch\/wp-content\/uploads\/2021\/02\/maneas-referenz-longhin.jpg\" alt=\"maneas-referenz-longhin\" title=\"maneas-referenz-longhin\" itemprop=\"image\"  \/>\n\t\t\t\t\t\t<\/a>\n\t\t\t\t<a href=\"https:\/\/www.meissenberg.ch\/\" target=\"_self\" itemprop=\"url\" rel=\"noopener\">\n\t\t\t\t<img decoding=\"async\" src=\"https:\/\/maneas-snacks.ch\/wp-content\/uploads\/2021\/07\/KM_Logo_UZ-002.jpg\" alt=\"KM_Logo_UZ (002)\" title=\"KM_Logo_UZ (002)\" itemprop=\"image\"  \/>\n\t\t\t\t\t\t<\/a>\n\t\t\t\t<a href=\"https:\/\/www.hotelkettenbruecke.ch\/\" target=\"_self\" itemprop=\"url\" rel=\"noopener\">\n\t\t\t\t<img decoding=\"async\" src=\"https:\/\/maneas-snacks.ch\/wp-content\/uploads\/2021\/02\/maneas-referenz-kettenbrucke-aarau-1.png\" alt=\"maneas-referenz-kettenbrucke-aarau\" title=\"maneas-referenz-kettenbrucke-aarau\" itemprop=\"image\"  \/>\n\t\t\t\t\t\t<\/a>\n\t\t\t\t<a href=\"https:\/\/www.caribbean-village.ch\/\" target=\"_self\" itemprop=\"url\" rel=\"noopener\">\n\t\t\t\t<img decoding=\"async\" src=\"https:\/\/maneas-snacks.ch\/wp-content\/uploads\/2021\/02\/maneas-referenz-caribbeanvillage-1.png\" alt=\"maneas-referenz-caribbeanvillage\" title=\"maneas-referenz-caribbeanvillage\" itemprop=\"image\"  \/>\n\t\t\t\t\t\t<\/a>\n\t\t\t\t<a href=\"https:\/\/www.dasweisseschaf.ch\/\" target=\"_self\" itemprop=\"url\" rel=\"noopener\">\n\t\t\t\t<img decoding=\"async\" src=\"https:\/\/maneas-snacks.ch\/wp-content\/uploads\/2021\/02\/maneas-referenz-dasweisseschaf.png\" alt=\"maneas-referenz-dasweisseschaf\" title=\"maneas-referenz-dasweisseschaf\" itemprop=\"image\"  \/>\n\t\t\t\t\t\t<\/a>\n\t\t\t\t<a href=\"https:\/\/www.heinz-bar.ch\/\" target=\"_self\" itemprop=\"url\" rel=\"noopener\">\n\t\t\t\t<img decoding=\"async\" src=\"https:\/\/maneas-snacks.ch\/wp-content\/uploads\/2023\/01\/ms-heinz.png\" alt=\"ms-heinz\" title=\"ms-heinz\" itemprop=\"image\"  \/>\n\t\t\t\t\t\t<\/a>\n\t\t\t\t<a href=\"https:\/\/www.fribowling.ch\/\" target=\"_self\" itemprop=\"url\" rel=\"noopener\">\n\t\t\t\t<img decoding=\"async\" src=\"https:\/\/maneas-snacks.ch\/wp-content\/uploads\/2021\/02\/maneas-referenz-fribowling.jpg\" alt=\"maneas-referenz-fribowling\" title=\"maneas-referenz-fribowling\" itemprop=\"image\"  \/>\n\t\t\t\t\t\t<\/a>\n\t\t\t\t<a href=\"https:\/\/www.vinovintana.ch\/\" target=\"_self\" itemprop=\"url\" rel=\"noopener\">\n\t\t\t\t<img decoding=\"async\" src=\"https:\/\/maneas-snacks.ch\/wp-content\/uploads\/2021\/02\/maneas-referenz-vinovintana.jpg\" alt=\"maneas-referenz-vinovintana\" title=\"maneas-referenz-vinovintana\" itemprop=\"image\"  \/>\n\t\t\t\t\t\t<\/a>\n\t\t\t\t<a href=\"https:\/\/www.sterk.ch\/\" target=\"_self\" itemprop=\"url\" rel=\"noopener\">\n\t\t\t\t<img decoding=\"async\" src=\"https:\/\/maneas-snacks.ch\/wp-content\/uploads\/2021\/02\/maneas-referenz-sterk.png\" alt=\"maneas-referenz-sterk\" title=\"maneas-referenz-sterk\" itemprop=\"image\"  \/>\n\t\t\t\t\t\t<\/a>\n\t\t\t\t<a href=\"https:\/\/fckickers.ch\/\" target=\"_self\" itemprop=\"url\" rel=\"noopener\">\n\t\t\t\t<img decoding=\"async\" src=\"https:\/\/maneas-snacks.ch\/wp-content\/uploads\/2021\/02\/maneas-referenz-fckickers.png\" alt=\"maneas-referenz-fckickers\" title=\"maneas-referenz-fckickers\" itemprop=\"image\"  \/>\n\t\t\t\t\t\t<\/a>\n\t\t\t\t<a href=\"https:\/\/www.bowling-universum.ch\/\" target=\"_self\" itemprop=\"url\" rel=\"noopener\">\n\t\t\t\t<img decoding=\"async\" src=\"https:\/\/maneas-snacks.ch\/wp-content\/uploads\/2021\/02\/maneas-referenz-bowlinguniversum.jpg\" alt=\"maneas-referenz-bowlinguniversum\" title=\"maneas-referenz-bowlinguniversum\" itemprop=\"image\"  \/>\n\t\t\t\t\t\t<\/a>\n\t\t\t\t<img decoding=\"async\" src=\"https:\/\/maneas-snacks.ch\/wp-content\/uploads\/2021\/02\/maneas-referenz-whiteline.png\" alt=\"maneas-referenz-whiteline\" title=\"maneas-referenz-whiteline\" itemprop=\"image\"  \/>\n\t\t\t\t<a href=\"https:\/\/kids-arena.ch\/\" target=\"_self\" itemprop=\"url\" rel=\"noopener\">\n\t\t\t\t<img decoding=\"async\" src=\"https:\/\/maneas-snacks.ch\/wp-content\/uploads\/2021\/02\/maneas-referenz-kidsarena.jpg\" alt=\"maneas-referenz-kidsarena\" title=\"maneas-referenz-kidsarena\" itemprop=\"image\"  \/>\n\t\t\t\t\t\t<\/a>\n\t\t\t\t<a href=\"https:\/\/www.fcmeggen.ch\/\" target=\"_self\" itemprop=\"url\" rel=\"noopener\">\n\t\t\t\t<img decoding=\"async\" src=\"https:\/\/maneas-snacks.ch\/wp-content\/uploads\/2021\/02\/maneas-referenz-fcmeggen.png\" alt=\"maneas-referenz-fcmeggen\" title=\"maneas-referenz-fcmeggen\" itemprop=\"image\"  \/>\n\t\t\t\t\t\t<\/a>\n\t\t\t\t<a href=\"https:\/\/kino-thun.ch\/\" target=\"_self\" itemprop=\"url\" rel=\"noopener\">\n\t\t\t\t<img decoding=\"async\" src=\"https:\/\/maneas-snacks.ch\/wp-content\/uploads\/2021\/02\/maneas-referenz-rex.png\" alt=\"maneas-referenz-rex\" title=\"maneas-referenz-rex\" itemprop=\"image\"  \/>\n\t\t\t\t\t\t<\/a>\n\n","protected":false},"excerpt":{"rendered":"<p>R\u00e9f\u00e9rences Nos clients et partenaires Nous tenons \u00e0 remercier nos pr\u00e9cieux clients pour la confiance qu&rsquo;ils nous ont accord\u00e9e et pour l&rsquo;excellente coop\u00e9ration.<\/p>\n","protected":false},"author":1,"featured_media":0,"parent":0,"menu_order":0,"comment_status":"closed","ping_status":"closed","template":"","meta":{"site-sidebar-layout":"no-sidebar","site-content-layout":"page-builder","ast-main-header-display":"","ast-hfb-above-header-display":"","ast-hfb-mobile-header-display":"","site-post-title":"disabled","ast-breadcrumbs-content":"","ast-featured-img":"disabled","footer-sml-layout":"","theme-transparent-header-meta":"","adv-header-id-meta":"","stick-header-meta":"","header-above-stick-meta":"","header-main-stick-meta":"","header-below-stick-meta":"","footnotes":""},"class_list":["post-753","page","type-page","status-publish","hentry"],"_links":{"self":[{"href":"https:\/\/maneas-snacks.ch\/fr\/wp-json\/wp\/v2\/pages\/753","targetHints":{"allow":["GET"]}}],"collection":[{"href":"https:\/\/maneas-snacks.ch\/fr\/wp-json\/wp\/v2\/pages"}],"about":[{"href":"https:\/\/maneas-snacks.ch\/fr\/wp-json\/wp\/v2\/types\/page"}],"author":[{"embeddable":true,"href":"https:\/\/maneas-snacks.ch\/fr\/wp-json\/wp\/v2\/users\/1"}],"replies":[{"embeddable":true,"href":"https:\/\/maneas-snacks.ch\/fr\/wp-json\/wp\/v2\/comments?post=753"}],"version-history":[{"count":13,"href":"https:\/\/maneas-snacks.ch\/fr\/wp-json\/wp\/v2\/pages\/753\/revisions"}],"predecessor-version":[{"id":5603,"href":"https:\/\/maneas-snacks.ch\/fr\/wp-json\/wp\/v2\/pages\/753\/revisions\/5603"}],"wp:attachment":[{"href":"https:\/\/maneas-snacks.ch\/fr\/wp-json\/wp\/v2\/media?parent=753"}],"curies":[{"name":"wp","href":"https:\/\/api.w.org\/{rel}","templated":true}]}}