{"id":746,"date":"2021-02-24T14:19:36","date_gmt":"2021-02-24T14:19:36","guid":{"rendered":"https:\/\/maneassnacks.brainsite.ch\/?page_id=746"},"modified":"2024-04-01T08:57:02","modified_gmt":"2024-04-01T08:57:02","slug":"a-propos-de-nous","status":"publish","type":"page","link":"https:\/\/maneas-snacks.ch\/fr\/a-propos-de-nous\/","title":{"rendered":"\u00c0 propos de nous"},"content":{"rendered":"\n\n\t<h1>\n\t\t\t\t\u00c0 propos de nous\n\t\t\t<\/h1>\n\t\t\t\t<img decoding=\"async\" src=\"https:\/\/maneas-snacks.ch\/wp-content\/uploads\/2021\/02\/portrait-1-644x1024.jpg\" alt=\"portrait\" itemprop=\"image\" height=\"1024\" width=\"644\" title=\"portrait\" onerror=\"this.style.display='none'\"  \/>\n\t<p>Nous sommes une jeune entreprise familiale bas\u00e9e \u00e0 Hochdorf (Lucerne). Depuis 2016, nous distribuons les snacks exclusifs et innovants \u00ab\u00a0Salysol\u00a0\u00bb et l&rsquo;huile d&rsquo;olive de haute qualit\u00e9 \u00ab\u00a0Aceites Aneas Virgen Extra\u00a0\u00bb.<\/p>\n<p>Les fabricants de nos produits comptent depuis des d\u00e9cennies parmi les meilleures entreprises du secteur des snacks et de l&rsquo;huile d&rsquo;olive. Nous offrons une large gamme et une vari\u00e9t\u00e9 de produits de haute qualit\u00e9, qui sont fabriqu\u00e9s dans le respect de la s\u00e9curit\u00e9 alimentaire et des derni\u00e8res technologies.<\/p>\n\t<h2>\n\t\t\t\tTeam ManeAs Snacks\n\t\t\t<\/h2>\n\t\t\t\t<img decoding=\"async\" src=\"https:\/\/maneas-snacks.ch\/wp-content\/uploads\/2021\/02\/Manuel-Aneas.jpg\" alt=\"Manuel Aneas\" title=\"Manuel Aneas\" itemprop=\"image\"\/>\n\t\t\t\t \n\t\t<h3>Manuel Aneas<\/h3>Directeur g\u00e9n\u00e9ral\n\t\t\t\t<img decoding=\"async\" src=\"https:\/\/maneas-snacks.ch\/wp-content\/uploads\/2021\/02\/Margrith-Strebel.jpg\" alt=\"Margrith Strebel\" title=\"Margrith Strebel\" itemprop=\"image\"\/>\n\t\t\t\t \n\t\t<h3>Margrith Strebel<\/h3>Marketing \/ Comptabilit\u00e9\n\t\t\t\t<img decoding=\"async\" src=\"https:\/\/maneas-snacks.ch\/wp-content\/uploads\/2021\/02\/Massimo-De-Filippo.jpg\" alt=\"Massimo De Filippo\" title=\"Massimo De Filippo\" itemprop=\"image\"\/>\n\t\t\t\t \n\t\t<h3>Massimo De Filippo<\/h3>Entrep\u00f4t \/ Courrier\n\t\t\t\t<img decoding=\"async\" src=\"https:\/\/maneas-snacks.ch\/wp-content\/uploads\/2021\/02\/Desiree-Aneas.jpg\" alt=\"D\u00e9sir\u00e9e Aneas\" title=\"D\u00e9sir\u00e9e Aneas\" itemprop=\"image\"\/>\n\t\t\t\t \n\t\t<h3>D\u00e9sir\u00e9e Aneas<\/h3>Membre de la direction\n\t\t\t\t<img decoding=\"async\" src=\"https:\/\/maneas-snacks.ch\/wp-content\/uploads\/2021\/02\/Eloy-Aneas.jpg\" alt=\"Eloy Aneas\" title=\"Eloy Aneas\" itemprop=\"image\"\/>\n\t\t\t\t \n\t\t<h3>Eloy Aneas<\/h3>Membre de la direction\n\t\t\t\t<img decoding=\"async\" src=\"https:\/\/maneas-snacks.ch\/wp-content\/uploads\/2024\/04\/Rene_giesser-scaled.jpg\" alt=\"Rene_giesser\" title=\"Rene_giesser\" itemprop=\"image\"\/>\n\t\t\t\t \n\t\t<h3>Ren\u00e9 Giesser<\/h3>Entrep\u00f4t \/ Courrier\n\n","protected":false},"excerpt":{"rendered":"<p>\u00c0 propos de nous Nous sommes une jeune entreprise familiale bas\u00e9e \u00e0 Hochdorf (Lucerne). Depuis 2016, nous distribuons les snacks exclusifs et innovants \u00ab\u00a0Salysol\u00a0\u00bb et l&rsquo;huile d&rsquo;olive de haute qualit\u00e9 \u00ab\u00a0Aceites Aneas Virgen Extra\u00a0\u00bb. Les fabricants de nos produits comptent depuis des d\u00e9cennies parmi les meilleures entreprises du secteur des snacks et de l&rsquo;huile d&rsquo;olive. &hellip;<\/p>\n<p class=\"read-more\"> <a class=\"\" href=\"https:\/\/maneas-snacks.ch\/fr\/a-propos-de-nous\/\"> <span class=\"screen-reader-text\">\u00c0 propos de nous<\/span> Lire la suite\u00a0\u00bb<\/a><\/p>\n","protected":false},"author":1,"featured_media":0,"parent":0,"menu_order":0,"comment_status":"closed","ping_status":"closed","template":"","meta":{"site-sidebar-layout":"no-sidebar","site-content-layout":"page-builder","ast-main-header-display":"","ast-hfb-above-header-display":"","ast-hfb-mobile-header-display":"","site-post-title":"disabled","ast-breadcrumbs-content":"","ast-featured-img":"disabled","footer-sml-layout":"","theme-transparent-header-meta":"default","adv-header-id-meta":"","stick-header-meta":"default","header-above-stick-meta":"","header-main-stick-meta":"","header-below-stick-meta":"","footnotes":""},"class_list":["post-746","page","type-page","status-publish","hentry"],"_links":{"self":[{"href":"https:\/\/maneas-snacks.ch\/fr\/wp-json\/wp\/v2\/pages\/746","targetHints":{"allow":["GET"]}}],"collection":[{"href":"https:\/\/maneas-snacks.ch\/fr\/wp-json\/wp\/v2\/pages"}],"about":[{"href":"https:\/\/maneas-snacks.ch\/fr\/wp-json\/wp\/v2\/types\/page"}],"author":[{"embeddable":true,"href":"https:\/\/maneas-snacks.ch\/fr\/wp-json\/wp\/v2\/users\/1"}],"replies":[{"embeddable":true,"href":"https:\/\/maneas-snacks.ch\/fr\/wp-json\/wp\/v2\/comments?post=746"}],"version-history":[{"count":9,"href":"https:\/\/maneas-snacks.ch\/fr\/wp-json\/wp\/v2\/pages\/746\/revisions"}],"predecessor-version":[{"id":7213,"href":"https:\/\/maneas-snacks.ch\/fr\/wp-json\/wp\/v2\/pages\/746\/revisions\/7213"}],"wp:attachment":[{"href":"https:\/\/maneas-snacks.ch\/fr\/wp-json\/wp\/v2\/media?parent=746"}],"curies":[{"name":"wp","href":"https:\/\/api.w.org\/{rel}","templated":true}]}}