{"id":741,"date":"2021-02-24T14:14:18","date_gmt":"2021-02-24T14:14:18","guid":{"rendered":"https:\/\/maneassnacks.brainsite.ch\/?page_id=741"},"modified":"2025-08-19T16:26:31","modified_gmt":"2025-08-19T16:26:31","slug":"conditions","status":"publish","type":"page","link":"https:\/\/maneas-snacks.ch\/fr\/conditions\/","title":{"rendered":"Conditions"},"content":{"rendered":"\n\n\t<h1>\n\t\t\t\tConditions\n\t\t\t<\/h1>\n\t<strong>Prix:<\/strong><br \/>\nNos <strong>B2B-prix<\/strong> s&rsquo;adressent exclusivement aux clients professionnels (commerce de d\u00e9tail, h\u00f4tellerie et restauration). Ils s&rsquo;entendent <strong data-start=\"233\" data-end=\"245\">hors TVA<\/strong> et peuvent \u00eatre modifi\u00e9s \u00e0 tout moment et sans pr\u00e9avis.\n<strong>Commandes:<\/strong><br \/>\nLes commandes ne peuvent se faire que par cartons entiers! Un suppl\u00e9ment de CHF 4.- est factur\u00e9 par carton pour tout assortiment.\n<strong>D\u00e9lais et frais de livraison:<\/strong><br \/>\nPour une premi\u00e8re commande:\u00a0 \u00a0 \u00a0Livraison sous 10 jours ouvrables max. \u00e0 partir de la date de la commande.<br \/>\nPour les commandes ult\u00e9rieures:\u00a0 Livraison sous 2 \u00e0 3 jours ouvrables \u00e0 partir de la date de la commande.\n<p>Frais de livraison:\u00a0 \u00a0 \u00a0 \u00a0 \u00a0 \u00a0 \u00a0 \u00a0 \u00a0 \u00a0 \u00a0 \u00a0 \u00a0 \u00a0La livraison s&rsquo;effectue par coursier \u00e0 un tarif forfaitaire de\u00a0 CHF 12.-<\/p>\n<p>Livraisons gratuites:\u00a0 \u00a0 \u00a0 \u00a0 \u00a0 \u00a0 \u00a0 \u00a0 \u00a0 \u00a0 \u00a0 \u00c0 partir de CHF 600.-\u00a0 d&rsquo;achat, la livraison est GRATUITE!<\/p>\n<strong>Paiement:<\/strong><br \/>\n20 jours nets; la marchandise reste propri\u00e9t\u00e9 de la soci\u00e9t\u00e9 ManeAs Snacks GmbH jusqu&rsquo;au r\u00e8glement total de la facture. Pour toute premi\u00e8re ou petite commande, nous demandons un paiement anticip\u00e9 ou en esp\u00e8ce.\n<strong>Rabais de quantit\u00e9:<\/strong><br \/>\n\u00c0 partir de CHF\u00a0 \u00a0 800.-\u00a0 d&rsquo;achat, nous offrons 2% de remise.<br \/>\n\u00c0 partir de CHF 1&rsquo;000.-\u00a0 d&rsquo;achat, nous offrons 5% de remise.\n<strong>R\u00e9clamations:<\/strong><br \/>\nLes \u00e9ventuelles r\u00e9clamations doivent nous \u00eatre adress\u00e9es dans un d\u00e9lai de 3 jours apr\u00e8s r\u00e9ception de la marchandise.\n\n","protected":false},"excerpt":{"rendered":"<p>Conditions Prix: Nos B2B-prix s&rsquo;adressent exclusivement aux clients professionnels (commerce de d\u00e9tail, h\u00f4tellerie et restauration). Ils s&rsquo;entendent hors TVA et peuvent \u00eatre modifi\u00e9s \u00e0 tout moment et sans pr\u00e9avis. Commandes: Les commandes ne peuvent se faire que par cartons entiers! Un suppl\u00e9ment de CHF 4.- est factur\u00e9 par carton pour tout assortiment. D\u00e9lais et frais &hellip;<\/p>\n<p class=\"read-more\"> <a class=\"\" href=\"https:\/\/maneas-snacks.ch\/fr\/conditions\/\"> <span class=\"screen-reader-text\">Conditions<\/span> Lire la suite\u00a0\u00bb<\/a><\/p>\n","protected":false},"author":1,"featured_media":0,"parent":0,"menu_order":0,"comment_status":"closed","ping_status":"closed","template":"","meta":{"site-sidebar-layout":"no-sidebar","site-content-layout":"page-builder","ast-main-header-display":"","ast-hfb-above-header-display":"","ast-hfb-mobile-header-display":"","site-post-title":"disabled","ast-breadcrumbs-content":"","ast-featured-img":"disabled","footer-sml-layout":"","theme-transparent-header-meta":"default","adv-header-id-meta":"","stick-header-meta":"default","header-above-stick-meta":"","header-main-stick-meta":"","header-below-stick-meta":"","footnotes":""},"class_list":["post-741","page","type-page","status-publish","hentry"],"_links":{"self":[{"href":"https:\/\/maneas-snacks.ch\/fr\/wp-json\/wp\/v2\/pages\/741","targetHints":{"allow":["GET"]}}],"collection":[{"href":"https:\/\/maneas-snacks.ch\/fr\/wp-json\/wp\/v2\/pages"}],"about":[{"href":"https:\/\/maneas-snacks.ch\/fr\/wp-json\/wp\/v2\/types\/page"}],"author":[{"embeddable":true,"href":"https:\/\/maneas-snacks.ch\/fr\/wp-json\/wp\/v2\/users\/1"}],"replies":[{"embeddable":true,"href":"https:\/\/maneas-snacks.ch\/fr\/wp-json\/wp\/v2\/comments?post=741"}],"version-history":[{"count":15,"href":"https:\/\/maneas-snacks.ch\/fr\/wp-json\/wp\/v2\/pages\/741\/revisions"}],"predecessor-version":[{"id":8960,"href":"https:\/\/maneas-snacks.ch\/fr\/wp-json\/wp\/v2\/pages\/741\/revisions\/8960"}],"wp:attachment":[{"href":"https:\/\/maneas-snacks.ch\/fr\/wp-json\/wp\/v2\/media?parent=741"}],"curies":[{"name":"wp","href":"https:\/\/api.w.org\/{rel}","templated":true}]}}