{"id":710,"date":"2021-02-24T12:04:33","date_gmt":"2021-02-24T12:04:33","guid":{"rendered":"https:\/\/maneassnacks.brainsite.ch\/?page_id=710"},"modified":"2021-03-03T16:48:36","modified_gmt":"2021-03-03T16:48:36","slug":"page-daccueil","status":"publish","type":"page","link":"https:\/\/maneas-snacks.ch\/fr\/","title":{"rendered":"Page d&rsquo;accueil"},"content":{"rendered":"\n\n\t<h1>\n\t\t\t\tDes produits exclusifs et innovants\n\t\t\t<\/h1>\n\t\t<p>Autour de ces produits, nous proposons des accessoires et des cadeaux adapt\u00e9s.Nos produits sont particuli\u00e8rement adapt\u00e9s aux bars, h\u00f4tels, restaurants, cantines, h\u00f4pitaux, commerces de d\u00e9tail, clubs sportifs, \u00e9v\u00e9nements d&rsquo;entreprise, cadeaux publicitaires,<\/p>\t\n\t\t\t<a href=\"\/fr\/commander\" target=\"_self\" role=\"button\" rel=\"noopener\">\n\t\t\t\t\t\t\tCommander\n\t\t\t\t\t<\/a>\n\t<h2>\n\t\t\t\tLa meilleure qualit\u00e9\n\t\t\t<\/h2>\n\t\t<p>Nos produits garantissent une qualit\u00e9 \u00e9lev\u00e9e \u00e0 des prix imbattables!<\/p>\t\n\t\t\t<h2>Conditions<\/h2>\t\t\t\n\t\t\t\t<p>Vous pouvez \u00e9galement vous r\u00e9jouir de nos rabais int\u00e9ressants et du court d\u00e9lai de livraison de votre commande.<\/p>\n<a href=\"\/fr\/conditions\/\" target=\"_self\" rel=\"noopener\">Aux conditions<\/a>\t\t\t \n\t\t\t<h5>Notre<\/h5><h2>Produits<\/h2>\t\t\t\n\t\t\t\tNotre assortiment vari\u00e9 de produits fins et savoureux vous attend.<br \/>\n&nbsp;<br \/>\n&nbsp;\n<a href=\"\/fr\/produits\/\" target=\"_self\" rel=\"noopener\">Aux produits<\/a>\t\t\t \n\t\t\t<h5>Maintenant<\/h5><h2>Commander<\/h2>\t\t\t\n\t\t\t\t<p>Voyez par vous-m\u00eame, \u00e7a vaut le coup!\u00a0<\/p>\n<a href=\"\/fr\/commander\/\" target=\"_self\" rel=\"noopener\">Commander<\/a>\t\t\t \n\t\t\t<h2>Contact<\/h2>\t\t\t\n\t\t\t\t<p>Si vous avez des questions ou des incertitudes, n&rsquo;h\u00e9sitez pas \u00e0 nous contacter.<\/p>\n<a href=\"\/fr\/contactez\/\" target=\"_self\" rel=\"noopener\">Contact<\/a>\t\t\t \n\t\t\t\t<img decoding=\"async\" src=\"https:\/\/maneas-snacks.ch\/wp-content\/uploads\/2021\/02\/portrait-1.jpg\" alt=\"portrait\" itemprop=\"image\" height=\"1440\" width=\"906\" title=\"portrait\" onerror=\"this.style.display='none'\"  \/>\n\t\t\t<h2>\u00c0 propos de nous<\/h2><h4>Nous sommes une jeune entreprise familiale bas\u00e9e \u00e0 Hochdorf (Lucerne). Depuis 2016, nous distribuons les snacks exclusifs et innovants \u00ab\u00a0Salysol\u00a0\u00bb et l&rsquo;huile d&rsquo;olive de haute qualit\u00e9 \u00ab\u00a0Aceites Aneas Virgen Extra\u00a0\u00bb.<br \/><br \/> Les fabricants de nos produits comptent depuis des d\u00e9cennies parmi les meilleures entreprises du secteur des snacks et de l&rsquo;huile d&rsquo;olive. Nous offrons une large gamme et une vari\u00e9t\u00e9 de produits de haute qualit\u00e9, qui sont fabriqu\u00e9s dans le respect de la s\u00e9curit\u00e9 alimentaire et des derni\u00e8res technologies. <\/h4>\t\t\t\n\t\t\t<h3>Nos produits<\/h3>\t\t\t\n\t\t\t\t<p>Nos snacks savoureux et fins sont frais et croustillants et se conservent jusqu&rsquo;\u00e0 trois ans. Qu&rsquo;il soit sucr\u00e9 ou sal\u00e9, vous avez la garantie de trouver le bon produit pour chaque go\u00fbt.<\/p>\n<p>Notre huile d&rsquo;olive extra vierge de haute qualit\u00e9 \u00ab\u00a0Aceites Aneas Virgen Extra\u00a0\u00bb garantit que la qualit\u00e9, l&rsquo;ar\u00f4me, la texture et le go\u00fbt sont maintenus au plus haut niveau. Cette huile d&rsquo;olive vierge est caract\u00e9ris\u00e9e par une vari\u00e9t\u00e9 de saveurs unique.<\/p>\n<p>Autour de ces produits, nous proposons des accessoires et des cadeaux adapt\u00e9s.<\/p>\n<p>Voyez par vous-m\u00eame, \u00e7a vaut le coup !<\/p>\n\n","protected":false},"excerpt":{"rendered":"<p>Des produits exclusifs et innovants Autour de ces produits, nous proposons des accessoires et des cadeaux adapt\u00e9s.Nos produits sont particuli\u00e8rement adapt\u00e9s aux bars, h\u00f4tels, restaurants, cantines, h\u00f4pitaux, commerces de d\u00e9tail, clubs sportifs, \u00e9v\u00e9nements d&rsquo;entreprise, cadeaux publicitaires, Commander La meilleure qualit\u00e9 Nos produits garantissent une qualit\u00e9 \u00e9lev\u00e9e \u00e0 des prix imbattables! Conditions Vous pouvez \u00e9galement vous &hellip;<\/p>\n<p class=\"read-more\"> <a class=\"\" href=\"https:\/\/maneas-snacks.ch\/fr\/\"> <span class=\"screen-reader-text\">Page d&rsquo;accueil<\/span> Lire la suite\u00a0\u00bb<\/a><\/p>\n","protected":false},"author":1,"featured_media":0,"parent":0,"menu_order":0,"comment_status":"closed","ping_status":"closed","template":"","meta":{"site-sidebar-layout":"no-sidebar","site-content-layout":"page-builder","ast-main-header-display":"","ast-hfb-above-header-display":"","ast-hfb-mobile-header-display":"","site-post-title":"disabled","ast-breadcrumbs-content":"","ast-featured-img":"disabled","footer-sml-layout":"","theme-transparent-header-meta":"default","adv-header-id-meta":"","stick-header-meta":"default","header-above-stick-meta":"","header-main-stick-meta":"","header-below-stick-meta":"","footnotes":""},"class_list":["post-710","page","type-page","status-publish","hentry"],"_links":{"self":[{"href":"https:\/\/maneas-snacks.ch\/fr\/wp-json\/wp\/v2\/pages\/710","targetHints":{"allow":["GET"]}}],"collection":[{"href":"https:\/\/maneas-snacks.ch\/fr\/wp-json\/wp\/v2\/pages"}],"about":[{"href":"https:\/\/maneas-snacks.ch\/fr\/wp-json\/wp\/v2\/types\/page"}],"author":[{"embeddable":true,"href":"https:\/\/maneas-snacks.ch\/fr\/wp-json\/wp\/v2\/users\/1"}],"replies":[{"embeddable":true,"href":"https:\/\/maneas-snacks.ch\/fr\/wp-json\/wp\/v2\/comments?post=710"}],"version-history":[{"count":12,"href":"https:\/\/maneas-snacks.ch\/fr\/wp-json\/wp\/v2\/pages\/710\/revisions"}],"predecessor-version":[{"id":847,"href":"https:\/\/maneas-snacks.ch\/fr\/wp-json\/wp\/v2\/pages\/710\/revisions\/847"}],"wp:attachment":[{"href":"https:\/\/maneas-snacks.ch\/fr\/wp-json\/wp\/v2\/media?parent=710"}],"curies":[{"name":"wp","href":"https:\/\/api.w.org\/{rel}","templated":true}]}}